{"id":88,"date":"2023-05-01T17:49:17","date_gmt":"2023-05-01T17:49:17","guid":{"rendered":"https:\/\/descubrecostarica.net\/index.php\/sample-page\/"},"modified":"2023-05-07T11:16:35","modified_gmt":"2023-05-07T17:16:35","slug":"sample-page","status":"publish","type":"page","link":"https:\/\/descubrecostarica.net\/index.php\/sample-page\/","title":{"rendered":"Acerca de TICOS.CR"},"content":{"rendered":"\n<p>Ticos.CR es un sitio web que brinda una gu\u00eda de lugares, eventos, servicios, propiedades y mucho m\u00e1s para el turista costarricense y extrangero.<\/p>\n\n\n\n<p>Encuentra o publica en nuestro sitio informaci\u00f3n relevante para el viajero que busca un lugar donde alojarse, donde comer, donde vivir, que conocer, donde disfrutar de aventuras, deportes, recreaci\u00f3n, descanso y relajaci\u00f3n, entre otras actividades.<\/p>\n\n\n\n<p>Tambi\u00e9n ofrecemos un directorio de servicios que puedan ser de utilidad para cualquier viajero que requiera de un servicio profesional o t\u00e9cnico, desde un abogado, un experto en aires acondicionados o un jardinero, para todos hay espacio en Ticos.CR<\/p>\n\n\n\n<p>Si deseas anunciarte con nosotros puedes seguir los pasos en el menu para agregar tu anuncio y elegir el plan de tu anuncio.<\/p>\n\n\n\n<p>Si deseas publicidad adicional o que te hagamos el anuncio puedes escribirnos al correo publicidad@ticos.cr o al WhatsApp +506 87508080<\/p>\n","protected":false},"excerpt":{"rendered":"<p>Ticos.CR es un sitio web que brinda una gu\u00eda de lugares, eventos, servicios, propiedades y mucho m\u00e1s para el turista costarricense y extrangero. Encuentra o publica en nuestro sitio informaci\u00f3n relevante para el viajero que busca un lugar donde alojarse, donde comer, donde vivir, que conocer, donde disfrutar de aventuras, deportes, recreaci\u00f3n, descanso y relajaci\u00f3n, entre otras actividades. Tambi\u00e9n ofrecemos un directorio de servicios que puedan ser de utilidad para cualquier viajero que requiera de un servicio profesional o t\u00e9cnico, desde un abogado, un experto en aires acondicionados o un jardinero, para todos hay espacio en Ticos.CR Si deseas anunciarte con nosotros puedes seguir los pasos en el menu para agregar tu anuncio y elegir el plan de tu anuncio. Si deseas publicidad adicional o que te hagamos el anuncio puedes escribirnos al correo publicidad@ticos.cr o al WhatsApp +506 87508080<\/p>\n","protected":false},"author":1,"featured_media":0,"parent":0,"menu_order":0,"comment_status":"closed","ping_status":"closed","template":"","meta":{"_monsterinsights_skip_tracking":false,"_monsterinsights_sitenote_active":false,"_monsterinsights_sitenote_note":"","_monsterinsights_sitenote_category":0,"footnotes":""},"class_list":["post-88","page","type-page","status-publish"],"aioseo_notices":[],"_links":{"self":[{"href":"https:\/\/descubrecostarica.net\/index.php\/wp-json\/wp\/v2\/pages\/88","targetHints":{"allow":["GET"]}}],"collection":[{"href":"https:\/\/descubrecostarica.net\/index.php\/wp-json\/wp\/v2\/pages"}],"about":[{"href":"https:\/\/descubrecostarica.net\/index.php\/wp-json\/wp\/v2\/types\/page"}],"author":[{"embeddable":true,"href":"https:\/\/descubrecostarica.net\/index.php\/wp-json\/wp\/v2\/users\/1"}],"replies":[{"embeddable":true,"href":"https:\/\/descubrecostarica.net\/index.php\/wp-json\/wp\/v2\/comments?post=88"}],"version-history":[{"count":0,"href":"https:\/\/descubrecostarica.net\/index.php\/wp-json\/wp\/v2\/pages\/88\/revisions"}],"wp:attachment":[{"href":"https:\/\/descubrecostarica.net\/index.php\/wp-json\/wp\/v2\/media?parent=88"}],"curies":[{"name":"wp","href":"https:\/\/api.w.org\/{rel}","templated":true}]}}